{"id":4623,"date":"2025-01-29T03:58:18","date_gmt":"2025-01-29T03:58:18","guid":{"rendered":"https:\/\/cgfl.skyfish.dev\/terminos-y-condiciones\/"},"modified":"2026-02-09T10:37:52","modified_gmt":"2026-02-09T10:37:52","slug":"terminos-y-condiciones","status":"publish","type":"page","link":"https:\/\/cgfl.skyfish.dev\/es\/terminos-y-condiciones\/","title":{"rendered":"T\u00e9rminos y Condiciones"},"content":{"rendered":"\t\t<div data-elementor-type=\"wp-page\" data-elementor-id=\"4623\" class=\"elementor elementor-4623 elementor-2878\" data-elementor-post-type=\"page\">\n\t\t\t\t<div class=\"elementor-element elementor-element-a802d98 e-flex e-con-boxed e-con e-parent\" data-id=\"a802d98\" data-element_type=\"container\" data-e-type=\"container\" data-settings=\"{&quot;background_background&quot;:&quot;classic&quot;}\">\n\t\t\t\t\t<div class=\"e-con-inner\">\n\t\t\t\t<div class=\"elementor-element elementor-element-20c22d1 elementor-widget elementor-widget-heading\" data-id=\"20c22d1\" data-element_type=\"widget\" data-e-type=\"widget\" data-widget_type=\"heading.default\">\n\t\t\t\t<div class=\"elementor-widget-container\">\n\t\t\t\t\t<h2 class=\"elementor-heading-title elementor-size-default\">T\u00e9rminos y Condiciones<\/h2>\t\t\t\t<\/div>\n\t\t\t\t<\/div>\n\t\t\t\t\t<\/div>\n\t\t\t\t<\/div>\n\t\t<div class=\"elementor-element elementor-element-000b158 e-flex e-con-boxed e-con e-parent\" data-id=\"000b158\" data-element_type=\"container\" data-e-type=\"container\">\n\t\t\t\t\t<div class=\"e-con-inner\">\n\t\t\t\t<div class=\"elementor-element elementor-element-3146fda elementor-widget elementor-widget-text-editor\" data-id=\"3146fda\" data-element_type=\"widget\" data-e-type=\"widget\" data-widget_type=\"text-editor.default\">\n\t\t\t\t<div class=\"elementor-widget-container\">\n\t\t\t\t\t\t\t\t\t<p data-pm-slice=\"1 1 []\"><strong>T\u00e9rminos de uso del sitio web de GARDENFORLIFE<\/strong><\/p><p data-pm-slice=\"1 1 []\">Fecha de vigencia: 29 de enero de 2025<\/p><p>1. Introducci\u00f3n<br>Bienvenido a GARDENFORLIFE (\u201cnosotros\u201d, \u201cnuestro\u201d o \u201cnos\u201d).<br> Al acceder o utilizar nuestro sitio web https:\/\/gardenforlife.site, usted acepta quedar sujeto a estos T\u00e9rminos y Condiciones. Si no est\u00e1 de acuerdo, por favor no utilice nuestro sitio web.<\/p><p><strong>2. Uso del sitio web<\/strong><\/p><ul data-spread=\"false\"><li><p>Usted acepta utilizar este sitio web \u00fanicamente para fines l\u00edcitos.<\/p><\/li><li><p>Usted no deber\u00e1 participar en ninguna actividad que pueda da\u00f1ar, interrumpir o interferir con el funcionamiento del sitio web.<\/p><\/li><li><p>Nos reservamos el derecho de modificar o discontinuar cualquier parte del sitio web en cualquier momento.<\/p><\/li><\/ul><p><strong>3. Donaciones y pagos<\/strong><\/p><ul data-spread=\"false\"><li><p>Todas las donaciones realizadas a GARDENFORLIFE son voluntarias y no reembolsables.<\/p><\/li><li><p>No somos responsables de ning\u00fan error en las transacciones causado por procesadores de pago de terceros.<\/p><\/li><li><p>Cualquier donaci\u00f3n recurrente deber\u00e1 ser cancelada por el donante a trav\u00e9s de su proveedor de pago.<\/p><\/li><\/ul><p><strong>4. Propiedad intelectual<\/strong><\/p><ul data-spread=\"false\"><li><p>Todo el contenido de este sitio web, incluidos textos, gr\u00e1ficos, logotipos e im\u00e1genes, es propiedad de GARDENFORLIFE o de sus licenciantes.<br><\/p><\/li><li><p>No podr\u00e1 reproducir, distribuir ni modificar ning\u00fan contenido sin autorizaci\u00f3n previa por escrito.<\/p><\/li><\/ul><p><strong>5. Contenido generado por el usuario<\/strong><\/p><ul data-spread=\"false\"><li><p>Si env\u00eda contenido a nuestro sitio web (por ejemplo, comentarios o testimonios), nos otorga una licencia no exclusiva y libre de regal\u00edas para usar, modificar y mostrar dicho contenido.<\/p><\/li><li><p>Nos reservamos el derecho de eliminar cualquier contenido que sea inapropiado, ofensivo o que viole estos T\u00e9rminos y Condiciones.<\/p><\/li><\/ul><p><strong>6. Enlaces de terceros<\/strong><\/p><ul data-spread=\"false\"><li><p>Nuestro sitio web puede contener enlaces a sitios de terceros. No somos responsables de su contenido, pol\u00edticas de privacidad ni pr\u00e1cticas.<\/p><\/li><li><p>El uso de sitios de terceros se realiza bajo su propia responsabilidad.<\/p><\/li><\/ul><p><strong>7. Limitaci\u00f3n de responsabilidad<\/strong><\/p><ul data-spread=\"false\"><li><p>No ofrecemos garant\u00edas sobre la exactitud o fiabilidad del contenido del sitio web.<\/p><\/li><li><p>No seremos responsables de ning\u00fan da\u00f1o directo, indirecto o incidental que resulte del uso de nuestro sitio web.<\/p><\/li><\/ul><p>8. Indemnizaci\u00f3n<br>Usted acepta indemnizar y eximir de responsabilidad a GARDENFORLIFE frente a cualquier reclamaci\u00f3n, da\u00f1o o gasto que surja del uso de nuestro sitio web o del incumplimiento de estos T\u00e9rminos y Condiciones.<\/p><p><strong>9. Cambios a estos T\u00e9rminos<\/strong><br>Nos reservamos el derecho de actualizar estos T\u00e9rminos y Condiciones en cualquier momento. El uso continuado del sitio web despu\u00e9s de que se publiquen los cambios constituye la aceptaci\u00f3n de los nuevos t\u00e9rminos.<\/p><p><strong>10. Ley aplicable<\/strong><br>Estos T\u00e9rminos y Condiciones se regir\u00e1n por las leyes del Estado de Texas, sin tener en cuenta los principios de conflicto de leyes.<\/p><p><strong>11. Cont\u00e1ctenos<\/strong><br>Si tiene alguna pregunta sobre estos T\u00e9rminos y Condiciones, por favor cont\u00e1ctenos en:<\/p><p>GardenforLIFE<br>Houston, Texas<br>gardenforlife.site@gmail.com<br>+1 (281) 650-2717<\/p>\t\t\t\t\t\t\t\t<\/div>\n\t\t\t\t<\/div>\n\t\t\t\t\t<\/div>\n\t\t\t\t<\/div>\n\t\t\t\t<\/div>\n\t\t","protected":false},"excerpt":{"rendered":"<p>T\u00e9rminos y Condiciones T\u00e9rminos de uso del sitio web de GARDENFORLIFE Fecha de vigencia: 29 de enero de 2025 1. Introducci\u00f3nBienvenido a GARDENFORLIFE (\u201cnosotros\u201d, \u201cnuestro\u201d o \u201cnos\u201d). Al acceder o utilizar nuestro sitio web https:\/\/gardenforlife.site, usted acepta quedar sujeto a estos T\u00e9rminos y Condiciones. Si no est\u00e1 de acuerdo, por favor no utilice nuestro sitio [&hellip;]<\/p>\n","protected":false},"author":1,"featured_media":0,"parent":0,"menu_order":0,"comment_status":"closed","ping_status":"closed","template":"","meta":{"footnotes":""},"class_list":["post-4623","page","type-page","status-publish","hentry"],"_links":{"self":[{"href":"https:\/\/cgfl.skyfish.dev\/es\/wp-json\/wp\/v2\/pages\/4623","targetHints":{"allow":["GET"]}}],"collection":[{"href":"https:\/\/cgfl.skyfish.dev\/es\/wp-json\/wp\/v2\/pages"}],"about":[{"href":"https:\/\/cgfl.skyfish.dev\/es\/wp-json\/wp\/v2\/types\/page"}],"author":[{"embeddable":true,"href":"https:\/\/cgfl.skyfish.dev\/es\/wp-json\/wp\/v2\/users\/1"}],"replies":[{"embeddable":true,"href":"https:\/\/cgfl.skyfish.dev\/es\/wp-json\/wp\/v2\/comments?post=4623"}],"version-history":[{"count":1,"href":"https:\/\/cgfl.skyfish.dev\/es\/wp-json\/wp\/v2\/pages\/4623\/revisions"}],"predecessor-version":[{"id":4624,"href":"https:\/\/cgfl.skyfish.dev\/es\/wp-json\/wp\/v2\/pages\/4623\/revisions\/4624"}],"wp:attachment":[{"href":"https:\/\/cgfl.skyfish.dev\/es\/wp-json\/wp\/v2\/media?parent=4623"}],"curies":[{"name":"wp","href":"https:\/\/api.w.org\/{rel}","templated":true}]}}