{"id":4631,"date":"2025-01-29T03:58:18","date_gmt":"2025-01-29T03:58:18","guid":{"rendered":"https:\/\/cgfl.skyfish.dev\/conditions-generales\/"},"modified":"2026-02-09T12:10:16","modified_gmt":"2026-02-09T12:10:16","slug":"conditions-generales","status":"publish","type":"page","link":"https:\/\/cgfl.skyfish.dev\/fr\/conditions-generales\/","title":{"rendered":"Conditions G\u00e9n\u00e9rales"},"content":{"rendered":"\t\t<div data-elementor-type=\"wp-page\" data-elementor-id=\"4631\" class=\"elementor elementor-4631 elementor-2878\" data-elementor-post-type=\"page\">\n\t\t\t\t<div class=\"elementor-element elementor-element-a802d98 e-flex e-con-boxed e-con e-parent\" data-id=\"a802d98\" data-element_type=\"container\" data-e-type=\"container\" data-settings=\"{&quot;background_background&quot;:&quot;classic&quot;}\">\n\t\t\t\t\t<div class=\"e-con-inner\">\n\t\t\t\t<div class=\"elementor-element elementor-element-20c22d1 elementor-widget elementor-widget-heading\" data-id=\"20c22d1\" data-element_type=\"widget\" data-e-type=\"widget\" data-widget_type=\"heading.default\">\n\t\t\t\t<div class=\"elementor-widget-container\">\n\t\t\t\t\t<h2 class=\"elementor-heading-title elementor-size-default\">Conditions G\u00e9n\u00e9rales<\/h2>\t\t\t\t<\/div>\n\t\t\t\t<\/div>\n\t\t\t\t\t<\/div>\n\t\t\t\t<\/div>\n\t\t<div class=\"elementor-element elementor-element-000b158 e-flex e-con-boxed e-con e-parent\" data-id=\"000b158\" data-element_type=\"container\" data-e-type=\"container\">\n\t\t\t\t\t<div class=\"e-con-inner\">\n\t\t\t\t<div class=\"elementor-element elementor-element-3146fda elementor-widget elementor-widget-text-editor\" data-id=\"3146fda\" data-element_type=\"widget\" data-e-type=\"widget\" data-widget_type=\"text-editor.default\">\n\t\t\t\t<div class=\"elementor-widget-container\">\n\t\t\t\t\t\t\t\t\t<p data-pm-slice=\"1 1 []\"><strong>Conditions d\u2019Utilisation du Site Web de JardinPourLaVIE<\/strong><\/p><p data-pm-slice=\"1 1 []\">Date d\u2019entr\u00e9e en vigueur : 29 janvier 2025<\/p><p>1. Introduction<br>Bienvenue sur JardinPourLaVIE (\u00ab nous \u00bb, \u00ab notre \u00bb ou \u00ab nos \u00bb). <br> En acc\u00e9dant \u00e0 ou en utilisant notre site web https:\/\/gardenforlife.site, vous acceptez d\u2019\u00eatre li\u00e9 par ces Conditions d\u2019Utilisation. Si vous n\u2019acceptez pas ces conditions, veuillez ne pas utiliser notre site web.<\/p><p><strong>2. Utilisation du site web<\/strong><\/p><ul data-spread=\"false\"><li><p>Vous acceptez d\u2019utiliser ce site web uniquement \u00e0 des fins l\u00e9gales.<\/p><\/li><li><p>Vous ne devez entreprendre aucune activit\u00e9 susceptible de nuire, perturber ou interf\u00e9rer avec le fonctionnement du site web.<\/p><\/li><li><p>Nous nous r\u00e9servons le droit de modifier ou d\u2019interrompre toute partie du site web \u00e0 tout moment.<\/p><\/li><\/ul><p><strong>3. Dons et Paiements<\/strong><\/p><ul data-spread=\"false\"><li><p>Tous les dons effectu\u00e9s \u00e0 JardinPourLaVIE sont volontaires et non remboursables.<\/p><\/li><li><p>Nous ne sommes pas responsables des erreurs de transaction caus\u00e9es par des processeurs de paiement tiers.<\/p><\/li><li><p>Tout don r\u00e9current doit \u00eatre annul\u00e9 par le donateur via son prestataire de paiement.<\/p><\/li><\/ul><p><strong>4. Propri\u00e9t\u00e9 intellectuelle<\/strong><\/p><ul data-spread=\"false\"><li><p>out le contenu de ce site web, y compris les textes, graphiques, logos et images, est la propri\u00e9t\u00e9 de JardinPourLaVIE ou de ses conc\u00e9dants.<\/p><\/li><li><p>Vous ne pouvez pas reproduire, distribuer ou modifier tout contenu sans autorisation \u00e9crite pr\u00e9alable.<\/p><\/li><\/ul><p><strong>5. Contenu g\u00e9n\u00e9r\u00e9 par les utilisateurs<\/strong><\/p><ul data-spread=\"false\"><li><p>Si vous soumettez du contenu sur notre site web (par exemple, des commentaires, des t\u00e9moignages), vous nous accordez une licence non exclusive et libre de droits pour utiliser, modifier et afficher ce contenu.<\/p><\/li><li><p>Nous nous r\u00e9servons le droit de supprimer tout contenu inappropri\u00e9, offensant ou qui viole ces Conditions d\u2019Utilisation.<\/p><\/li><\/ul><p><strong>6. Liens vers des sites tiers<\/strong><\/p><ul data-spread=\"false\"><li><p>Notre site web peut contenir des liens vers des sites tiers. Nous ne sommes pas responsables de leur contenu, de leurs politiques de confidentialit\u00e9 ou de leurs pratiques.<\/p><\/li><li><p>L\u2019utilisation des sites tiers se fait \u00e0 vos propres risques.<\/p><\/li><\/ul><p><strong>7. Limitation de responsabilit\u00e9<\/strong><\/p><ul data-spread=\"false\"><li><p>Nous ne donnons aucune garantie concernant l\u2019exactitude ou la fiabilit\u00e9 du contenu du site web<\/p><\/li><li><p>Nous ne saurions \u00eatre tenus responsables de tout dommage direct, indirect ou accessoire r\u00e9sultant de l\u2019utilisation de notre site web<\/p><\/li><\/ul><p>8. Indemnisation<br>Vous acceptez d\u2019indemniser et de d\u00e9gager de toute responsabilit\u00e9 JardinPourLaVIE pour toute r\u00e9clamation, tout dommage ou toute d\u00e9pense r\u00e9sultant de votre utilisation du site web ou de la violation de ces Conditions d\u2019Utilisation.<\/p><p>9. Modifications de ces conditions<br>Nous nous r\u00e9servons le droit de mettre \u00e0 jour ces Conditions d\u2019Utilisation \u00e0 tout moment. L\u2019utilisation continue du site web apr\u00e8s la publication des modifications constitue une acceptation des nouvelles conditions.<\/p><p>10. Droit applicable<br>Ces Conditions d\u2019Utilisation sont r\u00e9gies par les lois de l\u2019\u00c9tat du Texas, sans tenir compte des principes de conflits de lois.<\/p><p>11. Contactez-nous<br>Si vous avez des questions concernant ces Conditions d\u2019Utilisation, veuillez nous contacter \u00e0 :<\/p><p>JardinPourLaVIE<br>Houston, Texas<br>gardenforlife.site@gmail.com<br>+1 (281) 650-2717<\/p>\t\t\t\t\t\t\t\t<\/div>\n\t\t\t\t<\/div>\n\t\t\t\t\t<\/div>\n\t\t\t\t<\/div>\n\t\t\t\t<\/div>\n\t\t","protected":false},"excerpt":{"rendered":"<p>Conditions G\u00e9n\u00e9rales Conditions d\u2019Utilisation du Site Web de JardinPourLaVIE Date d\u2019entr\u00e9e en vigueur : 29 janvier 2025 1. IntroductionBienvenue sur JardinPourLaVIE (\u00ab nous \u00bb, \u00ab notre \u00bb ou \u00ab nos \u00bb). En acc\u00e9dant \u00e0 ou en utilisant notre site web https:\/\/gardenforlife.site, vous acceptez d\u2019\u00eatre li\u00e9 par ces Conditions d\u2019Utilisation. Si vous n\u2019acceptez pas ces conditions, [&hellip;]<\/p>\n","protected":false},"author":1,"featured_media":0,"parent":0,"menu_order":0,"comment_status":"closed","ping_status":"closed","template":"","meta":{"footnotes":""},"class_list":["post-4631","page","type-page","status-publish","hentry"],"_links":{"self":[{"href":"https:\/\/cgfl.skyfish.dev\/fr\/wp-json\/wp\/v2\/pages\/4631","targetHints":{"allow":["GET"]}}],"collection":[{"href":"https:\/\/cgfl.skyfish.dev\/fr\/wp-json\/wp\/v2\/pages"}],"about":[{"href":"https:\/\/cgfl.skyfish.dev\/fr\/wp-json\/wp\/v2\/types\/page"}],"author":[{"embeddable":true,"href":"https:\/\/cgfl.skyfish.dev\/fr\/wp-json\/wp\/v2\/users\/1"}],"replies":[{"embeddable":true,"href":"https:\/\/cgfl.skyfish.dev\/fr\/wp-json\/wp\/v2\/comments?post=4631"}],"version-history":[{"count":1,"href":"https:\/\/cgfl.skyfish.dev\/fr\/wp-json\/wp\/v2\/pages\/4631\/revisions"}],"predecessor-version":[{"id":4632,"href":"https:\/\/cgfl.skyfish.dev\/fr\/wp-json\/wp\/v2\/pages\/4631\/revisions\/4632"}],"wp:attachment":[{"href":"https:\/\/cgfl.skyfish.dev\/fr\/wp-json\/wp\/v2\/media?parent=4631"}],"curies":[{"name":"wp","href":"https:\/\/api.w.org\/{rel}","templated":true}]}}