{"id":4625,"date":"2025-01-29T03:58:18","date_gmt":"2025-01-29T03:58:18","guid":{"rendered":"https:\/\/cgfl.skyfish.dev\/termos-e-condicoes\/"},"modified":"2026-02-09T11:08:07","modified_gmt":"2026-02-09T11:08:07","slug":"termos-e-condicoes","status":"publish","type":"page","link":"https:\/\/cgfl.skyfish.dev\/pt-pt\/termos-e-condicoes\/","title":{"rendered":"Termos e Condi\u00e7\u00f5es"},"content":{"rendered":"\t\t<div data-elementor-type=\"wp-page\" data-elementor-id=\"4625\" class=\"elementor elementor-4625 elementor-2878\" data-elementor-post-type=\"page\">\n\t\t\t\t<div class=\"elementor-element elementor-element-a802d98 e-flex e-con-boxed e-con e-parent\" data-id=\"a802d98\" data-element_type=\"container\" data-e-type=\"container\" data-settings=\"{&quot;background_background&quot;:&quot;classic&quot;}\">\n\t\t\t\t\t<div class=\"e-con-inner\">\n\t\t\t\t<div class=\"elementor-element elementor-element-20c22d1 elementor-widget elementor-widget-heading\" data-id=\"20c22d1\" data-element_type=\"widget\" data-e-type=\"widget\" data-widget_type=\"heading.default\">\n\t\t\t\t<div class=\"elementor-widget-container\">\n\t\t\t\t\t<h2 class=\"elementor-heading-title elementor-size-default\">Termos e Condi\u00e7\u00f5es<\/h2>\t\t\t\t<\/div>\n\t\t\t\t<\/div>\n\t\t\t\t\t<\/div>\n\t\t\t\t<\/div>\n\t\t<div class=\"elementor-element elementor-element-000b158 e-flex e-con-boxed e-con e-parent\" data-id=\"000b158\" data-element_type=\"container\" data-e-type=\"container\">\n\t\t\t\t\t<div class=\"e-con-inner\">\n\t\t\t\t<div class=\"elementor-element elementor-element-3146fda elementor-widget elementor-widget-text-editor\" data-id=\"3146fda\" data-element_type=\"widget\" data-e-type=\"widget\" data-widget_type=\"text-editor.default\">\n\t\t\t\t<div class=\"elementor-widget-container\">\n\t\t\t\t\t\t\t\t\t<p data-pm-slice=\"1 1 []\"><strong>Termos de Uso do Site da GARDENFORLIFE<\/strong><\/p><p data-pm-slice=\"1 1 []\">Data de vig\u00eancia: 29 de janeiro de 2025<\/p><p><strong>1. Introdu\u00e7\u00e3o<\/strong><br>Bem-vindo \u00e0 GARDENFORLIFE (\u201cn\u00f3s\u201d, \u201cnosso\u201d ou \u201cnos\u201d). Ao acessar ou utilizar nosso site https:\/\/gardenforlife.site, voc\u00ea concorda em ficar vinculado a estes Termos e Condi\u00e7\u00f5es. Se voc\u00ea n\u00e3o concordar, por favor n\u00e3o utilize nosso site.<\/p><p><strong>2. Uso do site<\/strong><\/p><ul data-spread=\"false\"><li><p>Voc\u00ea concorda em utilizar este site apenas para fins legais.<\/p><\/li><li><p>Voc\u00ea n\u00e3o deve se envolver em nenhuma atividade que possa prejudicar, interromper ou interferir no funcionamento do site.<\/p><\/li><li><p>Reservamo-nos o direito de modificar ou descontinuar qualquer parte do site a qualquer momento.<\/p><\/li><\/ul><p><strong>3. Doa\u00e7\u00f5es e Pagamentos<\/strong><\/p><ul data-spread=\"false\"><li><p>Todas as doa\u00e7\u00f5es feitas \u00e0 GARDENFORLIFE s\u00e3o volunt\u00e1rias e n\u00e3o reembols\u00e1veis.<\/p><\/li><li><p>N\u00e3o somos respons\u00e1veis por quaisquer erros de transa\u00e7\u00e3o causados por processadores de pagamento de terceiros.<\/p><\/li><li><p>Quaisquer doa\u00e7\u00f5es recorrentes devem ser canceladas pelo doador por meio de seu provedor de pagamento.<\/p><\/li><\/ul><p><strong>4. Propriedade Intelectual<\/strong><\/p><ul data-spread=\"false\"><li><p>Todo o conte\u00fado deste site, incluindo textos, gr\u00e1ficos, logotipos e imagens, \u00e9 propriedade da GARDENFORLIFE ou de seus licenciadores.<\/p><\/li><li><p>Voc\u00ea n\u00e3o pode reproduzir, distribuir ou modificar qualquer conte\u00fado sem autoriza\u00e7\u00e3o pr\u00e9via por escrito.<\/p><\/li><\/ul><p><strong>5. Conte\u00fado Gerado pelo Usu\u00e1rio<\/strong><\/p><ul data-spread=\"false\"><li><p>Se voc\u00ea enviar conte\u00fado para o nosso site (por exemplo, coment\u00e1rios ou depoimentos), voc\u00ea nos concede uma licen\u00e7a n\u00e3o exclusiva e livre de royalties para usar, modificar e exibir esse conte\u00fado.<\/p><\/li><li><p>Reservamo-nos o direito de remover qualquer conte\u00fado que seja inadequado, ofensivo ou que viole estes Termos e Condi\u00e7\u00f5es.<\/p><\/li><\/ul><p><strong>6. Links de Terceiros<\/strong><\/p><ul data-spread=\"false\"><li><p>Nosso site pode conter links para sites de terceiros. N\u00e3o somos respons\u00e1veis por seu conte\u00fado, pol\u00edticas de privacidade ou pr\u00e1ticas.<\/p><\/li><li><p>O uso de sites de terceiros \u00e9 por sua conta e risco.<\/p><\/li><\/ul><p><strong>7. Limita\u00e7\u00e3o de Responsabilidade<\/strong><\/p><ul data-spread=\"false\"><li><p>N\u00e3o oferecemos garantias quanto \u00e0 precis\u00e3o ou confiabilidade do conte\u00fado do site.<\/p><\/li><li><p>N\u00e3o seremos respons\u00e1veis por quaisquer danos diretos, indiretos ou incidentais decorrentes do uso do nosso site.<\/p><\/li><\/ul><p>8. Indeniza\u00e7\u00e3o<br>Voc\u00ea concorda em indenizar e isentar a GARDENFORLIFE de quaisquer reclama\u00e7\u00f5es, danos ou despesas decorrentes do uso do site ou da viola\u00e7\u00e3o destes Termos e Condi\u00e7\u00f5es.<\/p><p>9. Altera\u00e7\u00f5es a estes Termos<br>Reservamo-nos o direito de atualizar estes Termos e Condi\u00e7\u00f5es a qualquer momento. O uso cont\u00ednuo do site ap\u00f3s a publica\u00e7\u00e3o das altera\u00e7\u00f5es constitui aceita\u00e7\u00e3o dos novos termos.<\/p><p>10. Lei Aplic\u00e1vel<br>Estes Termos e Condi\u00e7\u00f5es ser\u00e3o regidos pelas leis do Estado do Texas, sem considerar princ\u00edpios de conflito de leis.<\/p><p>11. Contato<br>Se voc\u00ea tiver alguma d\u00favida sobre estes Termos e Condi\u00e7\u00f5es, entre em contato conosco em:<\/p><p><br>GARDENFORLIFE<br>Houston, Texas<br>gardenforlife.site@gmail.com<br>+1 (281) 650-2717<\/p>\t\t\t\t\t\t\t\t<\/div>\n\t\t\t\t<\/div>\n\t\t\t\t\t<\/div>\n\t\t\t\t<\/div>\n\t\t\t\t<\/div>\n\t\t","protected":false},"excerpt":{"rendered":"<p>Termos e Condi\u00e7\u00f5es Termos de Uso do Site da GARDENFORLIFE Data de vig\u00eancia: 29 de janeiro de 2025 1. Introdu\u00e7\u00e3oBem-vindo \u00e0 GARDENFORLIFE (\u201cn\u00f3s\u201d, \u201cnosso\u201d ou \u201cnos\u201d). Ao acessar ou utilizar nosso site https:\/\/gardenforlife.site, voc\u00ea concorda em ficar vinculado a estes Termos e Condi\u00e7\u00f5es. Se voc\u00ea n\u00e3o concordar, por favor n\u00e3o utilize nosso site. 2. Uso [&hellip;]<\/p>\n","protected":false},"author":1,"featured_media":0,"parent":0,"menu_order":0,"comment_status":"closed","ping_status":"closed","template":"","meta":{"footnotes":""},"class_list":["post-4625","page","type-page","status-publish","hentry"],"_links":{"self":[{"href":"https:\/\/cgfl.skyfish.dev\/pt-pt\/wp-json\/wp\/v2\/pages\/4625","targetHints":{"allow":["GET"]}}],"collection":[{"href":"https:\/\/cgfl.skyfish.dev\/pt-pt\/wp-json\/wp\/v2\/pages"}],"about":[{"href":"https:\/\/cgfl.skyfish.dev\/pt-pt\/wp-json\/wp\/v2\/types\/page"}],"author":[{"embeddable":true,"href":"https:\/\/cgfl.skyfish.dev\/pt-pt\/wp-json\/wp\/v2\/users\/1"}],"replies":[{"embeddable":true,"href":"https:\/\/cgfl.skyfish.dev\/pt-pt\/wp-json\/wp\/v2\/comments?post=4625"}],"version-history":[{"count":1,"href":"https:\/\/cgfl.skyfish.dev\/pt-pt\/wp-json\/wp\/v2\/pages\/4625\/revisions"}],"predecessor-version":[{"id":4626,"href":"https:\/\/cgfl.skyfish.dev\/pt-pt\/wp-json\/wp\/v2\/pages\/4625\/revisions\/4626"}],"wp:attachment":[{"href":"https:\/\/cgfl.skyfish.dev\/pt-pt\/wp-json\/wp\/v2\/media?parent=4625"}],"curies":[{"name":"wp","href":"https:\/\/api.w.org\/{rel}","templated":true}]}}